{"id":12,"date":"2020-04-08T18:53:45","date_gmt":"2020-04-08T18:53:45","guid":{"rendered":"http:\/\/trallafitti.life\/?page_id=12"},"modified":"2021-02-21T18:13:29","modified_gmt":"2021-02-21T18:13:29","slug":"wer-was-warum","status":"publish","type":"page","link":"http:\/\/trallafitti.life\/?page_id=12","title":{"rendered":"Wer\/Was\/Warum"},"content":{"rendered":"\n<p class=\"has-text-align-center\">\u0298\u203f\u0298<\/p>\n\n\n\n<p>Diese Seite ist f\u00fcr Rezepte von und f\u00fcr Fremde und Freunde und die, die es werden wollen. Zum Sammeln, Spielen und Tauschen. <\/p>\n\n\n\n<p>L\u00e4ngliche Nacherz\u00e4hlung des Entstehungsprozesses, inklusive komatisierender Anzahl pers\u00f6nlicher Anektoten, wird es hier (hoffentlich) nicht geben. <\/p>\n\n\n\n<p>Dresscode:  Zuhausehose.<\/p>\n\n\n\n<p>Rezepte: einfach, praktisch, und manchmal auch lecker. Darunter auch gerne teilenswerte Exponate und Kuriosit\u00e4ten, aus dem In- und Ausland, sowie kulinarische Grundausstattung.<\/p>\n\n\n\n<p>K\u00fcche: Unaufger\u00e4umt bis chaotisch, manchmal nicht ganz sauber. Don&#8217;t judge.<\/p>\n\n\n\n<blockquote class=\"wp-block-quote is-style-default is-layout-flow wp-block-quote-is-layout-flow\"><p><em>&#8222;Breakfast today, horsesausages; lunch, minced mule, curried locusts.<br>All well.&#8220;<\/em><\/p><cite>&#8211; <em>Lady Sarah Wilson Churchill<\/em><\/cite><\/blockquote>\n\n\n\n<p>F\u00fcr alle Leser und Leserinnen, die mehr wissen wollen: Alle meine Weisheit basiert auf Dr. Who und Star Trek, lasst es mich also wie folgt formulieren\u2026<\/p>\n\n\n\n<blockquote class=\"wp-block-quote is-style-default is-layout-flow wp-block-quote-is-layout-flow\"><p><em>&#8222;Now I imagine you have many questions. Fire away, I won&#8217;t answer any of them.&#8220;<\/em><\/p><\/blockquote>\n\n\n\n<p class=\"has-text-align-center\"><\/p>\n\n\n\n<p><\/p>\n","protected":false},"excerpt":{"rendered":"<p>\u0298\u203f\u0298 Diese Seite ist f\u00fcr Rezepte von und f\u00fcr Fremde und Freunde und die, die es werden wollen. Zum Sammeln, Spielen und Tauschen. L\u00e4ngliche Nacherz\u00e4hlung des Entstehungsprozesses, inklusive komatisierender Anzahl pers\u00f6nlicher Anektoten, wird es hier (hoffentlich) nicht geben. Dresscode: Zuhausehose. Rezepte: einfach, praktisch, und manchmal auch lecker. Darunter auch gerne teilenswerte Exponate und Kuriosit\u00e4ten, aus&#8230;<\/p>\n","protected":false},"author":1,"featured_media":0,"parent":0,"menu_order":0,"comment_status":"closed","ping_status":"closed","template":"","meta":{"footnotes":""},"class_list":["post-12","page","type-page","status-publish","hentry"],"yoast_head":"<!-- This site is optimized with the Yoast SEO plugin v27.4 - https:\/\/yoast.com\/product\/yoast-seo-wordpress\/ -->\n<title>Wer\/Was\/Warum - trallafitti.life<\/title>\n<meta name=\"robots\" content=\"index, follow, max-snippet:-1, max-image-preview:large, max-video-preview:-1\" \/>\n<link rel=\"canonical\" href=\"http:\/\/trallafitti.life\/?page_id=12\" \/>\n<meta property=\"og:locale\" content=\"de_DE\" \/>\n<meta property=\"og:type\" content=\"article\" \/>\n<meta property=\"og:title\" content=\"Wer\/Was\/Warum - trallafitti.life\" \/>\n<meta property=\"og:description\" content=\"\u0298\u203f\u0298 Diese Seite ist f\u00fcr Rezepte von und f\u00fcr Fremde und Freunde und die, die es werden wollen. Zum Sammeln, Spielen und Tauschen. L\u00e4ngliche Nacherz\u00e4hlung des Entstehungsprozesses, inklusive komatisierender Anzahl pers\u00f6nlicher Anektoten, wird es hier (hoffentlich) nicht geben. Dresscode: Zuhausehose. Rezepte: einfach, praktisch, und manchmal auch lecker. Darunter auch gerne teilenswerte Exponate und Kuriosit\u00e4ten, aus...\" \/>\n<meta property=\"og:url\" content=\"http:\/\/trallafitti.life\/?page_id=12\" \/>\n<meta property=\"og:site_name\" content=\"trallafitti.life\" \/>\n<meta property=\"article:modified_time\" content=\"2021-02-21T18:13:29+00:00\" \/>\n<meta name=\"twitter:card\" content=\"summary_large_image\" \/>\n<meta name=\"twitter:label1\" content=\"Gesch\u00e4tzte Lesezeit\" \/>\n\t<meta name=\"twitter:data1\" content=\"1\u00a0Minute\" \/>\n<script type=\"application\/ld+json\" class=\"yoast-schema-graph\">{\"@context\":\"https:\\\/\\\/schema.org\",\"@graph\":[{\"@type\":\"WebPage\",\"@id\":\"http:\\\/\\\/trallafitti.life\\\/?page_id=12\",\"url\":\"http:\\\/\\\/trallafitti.life\\\/?page_id=12\",\"name\":\"Wer\\\/Was\\\/Warum - trallafitti.life\",\"isPartOf\":{\"@id\":\"http:\\\/\\\/trallafitti.life\\\/#website\"},\"datePublished\":\"2020-04-08T18:53:45+00:00\",\"dateModified\":\"2021-02-21T18:13:29+00:00\",\"breadcrumb\":{\"@id\":\"http:\\\/\\\/trallafitti.life\\\/?page_id=12#breadcrumb\"},\"inLanguage\":\"de\",\"potentialAction\":[{\"@type\":\"ReadAction\",\"target\":[\"http:\\\/\\\/trallafitti.life\\\/?page_id=12\"]}]},{\"@type\":\"BreadcrumbList\",\"@id\":\"http:\\\/\\\/trallafitti.life\\\/?page_id=12#breadcrumb\",\"itemListElement\":[{\"@type\":\"ListItem\",\"position\":1,\"name\":\"Startseite\",\"item\":\"http:\\\/\\\/trallafitti.life\\\/\"},{\"@type\":\"ListItem\",\"position\":2,\"name\":\"Wer\\\/Was\\\/Warum\"}]},{\"@type\":\"WebSite\",\"@id\":\"http:\\\/\\\/trallafitti.life\\\/#website\",\"url\":\"http:\\\/\\\/trallafitti.life\\\/\",\"name\":\"trallafitti.life\",\"description\":\"rezepte-blog &amp; kerfuffle diary\",\"potentialAction\":[{\"@type\":\"SearchAction\",\"target\":{\"@type\":\"EntryPoint\",\"urlTemplate\":\"http:\\\/\\\/trallafitti.life\\\/?s={search_term_string}\"},\"query-input\":{\"@type\":\"PropertyValueSpecification\",\"valueRequired\":true,\"valueName\":\"search_term_string\"}}],\"inLanguage\":\"de\"}]}<\/script>\n<!-- \/ Yoast SEO plugin. -->","yoast_head_json":{"title":"Wer\/Was\/Warum - trallafitti.life","robots":{"index":"index","follow":"follow","max-snippet":"max-snippet:-1","max-image-preview":"max-image-preview:large","max-video-preview":"max-video-preview:-1"},"canonical":"http:\/\/trallafitti.life\/?page_id=12","og_locale":"de_DE","og_type":"article","og_title":"Wer\/Was\/Warum - trallafitti.life","og_description":"\u0298\u203f\u0298 Diese Seite ist f\u00fcr Rezepte von und f\u00fcr Fremde und Freunde und die, die es werden wollen. Zum Sammeln, Spielen und Tauschen. L\u00e4ngliche Nacherz\u00e4hlung des Entstehungsprozesses, inklusive komatisierender Anzahl pers\u00f6nlicher Anektoten, wird es hier (hoffentlich) nicht geben. Dresscode: Zuhausehose. Rezepte: einfach, praktisch, und manchmal auch lecker. Darunter auch gerne teilenswerte Exponate und Kuriosit\u00e4ten, aus...","og_url":"http:\/\/trallafitti.life\/?page_id=12","og_site_name":"trallafitti.life","article_modified_time":"2021-02-21T18:13:29+00:00","twitter_card":"summary_large_image","twitter_misc":{"Gesch\u00e4tzte Lesezeit":"1\u00a0Minute"},"schema":{"@context":"https:\/\/schema.org","@graph":[{"@type":"WebPage","@id":"http:\/\/trallafitti.life\/?page_id=12","url":"http:\/\/trallafitti.life\/?page_id=12","name":"Wer\/Was\/Warum - trallafitti.life","isPartOf":{"@id":"http:\/\/trallafitti.life\/#website"},"datePublished":"2020-04-08T18:53:45+00:00","dateModified":"2021-02-21T18:13:29+00:00","breadcrumb":{"@id":"http:\/\/trallafitti.life\/?page_id=12#breadcrumb"},"inLanguage":"de","potentialAction":[{"@type":"ReadAction","target":["http:\/\/trallafitti.life\/?page_id=12"]}]},{"@type":"BreadcrumbList","@id":"http:\/\/trallafitti.life\/?page_id=12#breadcrumb","itemListElement":[{"@type":"ListItem","position":1,"name":"Startseite","item":"http:\/\/trallafitti.life\/"},{"@type":"ListItem","position":2,"name":"Wer\/Was\/Warum"}]},{"@type":"WebSite","@id":"http:\/\/trallafitti.life\/#website","url":"http:\/\/trallafitti.life\/","name":"trallafitti.life","description":"rezepte-blog &amp; kerfuffle diary","potentialAction":[{"@type":"SearchAction","target":{"@type":"EntryPoint","urlTemplate":"http:\/\/trallafitti.life\/?s={search_term_string}"},"query-input":{"@type":"PropertyValueSpecification","valueRequired":true,"valueName":"search_term_string"}}],"inLanguage":"de"}]}},"_links":{"self":[{"href":"http:\/\/trallafitti.life\/index.php?rest_route=\/wp\/v2\/pages\/12","targetHints":{"allow":["GET"]}}],"collection":[{"href":"http:\/\/trallafitti.life\/index.php?rest_route=\/wp\/v2\/pages"}],"about":[{"href":"http:\/\/trallafitti.life\/index.php?rest_route=\/wp\/v2\/types\/page"}],"author":[{"embeddable":true,"href":"http:\/\/trallafitti.life\/index.php?rest_route=\/wp\/v2\/users\/1"}],"replies":[{"embeddable":true,"href":"http:\/\/trallafitti.life\/index.php?rest_route=%2Fwp%2Fv2%2Fcomments&post=12"}],"version-history":[{"count":25,"href":"http:\/\/trallafitti.life\/index.php?rest_route=\/wp\/v2\/pages\/12\/revisions"}],"predecessor-version":[{"id":283,"href":"http:\/\/trallafitti.life\/index.php?rest_route=\/wp\/v2\/pages\/12\/revisions\/283"}],"wp:attachment":[{"href":"http:\/\/trallafitti.life\/index.php?rest_route=%2Fwp%2Fv2%2Fmedia&parent=12"}],"curies":[{"name":"wp","href":"https:\/\/api.w.org\/{rel}","templated":true}]}}